{"id":3,"date":"2025-01-07T18:15:26","date_gmt":"2025-01-07T17:15:26","guid":{"rendered":"http:\/\/labaraqueafilms.fr\/V1\/?page_id=3"},"modified":"2025-01-08T09:02:45","modified_gmt":"2025-01-08T08:02:45","slug":"politique-de-confidentialite","status":"publish","type":"page","link":"https:\/\/labaraqueafilms.fr\/index.php\/politique-de-confidentialite\/","title":{"rendered":"Politique de confidentialit\u00e9"},"content":{"rendered":"\n<h2 class=\"wp-block-heading\">Chez\u00a0<strong>Transkom &#8211; La baraque \u00e0 films<\/strong>, nous respectons votre vie priv\u00e9e et nous nous engageons \u00e0 prot\u00e9ger vos donn\u00e9es personnelles conform\u00e9ment au\u00a0<strong>R\u00e8glement G\u00e9n\u00e9ral sur la Protection des Donn\u00e9es (RGPD)<\/strong>.<\/h2>\n\n\n\n<p><strong>1. Informations L\u00e9gales<\/strong><\/p>\n\n\n\n<p>\u2022&nbsp;<strong>D\u00e9nomination sociale<\/strong>&nbsp;: TRANSKOM<\/p>\n\n\n\n<p>\u2022&nbsp;<strong>Sigle<\/strong>&nbsp;: TK<\/p>\n\n\n\n<p>\u2022&nbsp;<strong>Nom commercial<\/strong>&nbsp;: La baraque \u00e0 films<\/p>\n\n\n\n<p>\u2022&nbsp;<strong>Cat\u00e9gorie juridique<\/strong>&nbsp;: 5202 SNC<\/p>\n\n\n\n<p>\u2022&nbsp;<strong>Date d\u2019immatriculation<\/strong>&nbsp;: 01 juillet 2005<\/p>\n\n\n\n<p>\u2022&nbsp;<strong>Capital social<\/strong>&nbsp;: 8 000\u20ac<\/p>\n\n\n\n<p>\u2022&nbsp;<strong>R.C.S. Paris B 482 857 620<\/strong><\/p>\n\n\n\n<p>\u2022&nbsp;<strong>Directeurs de publication et co-g\u00e9rants associ\u00e9s<\/strong>&nbsp;: Julien Pichard &amp; J\u00e9r\u00f4me Gallioz<\/p>\n\n\n\n<p>\u2022&nbsp;<strong>Adresse du si\u00e8ge social<\/strong>&nbsp;: 66-68 rue du Faubourg Poissonni\u00e8re 75010 Paris<\/p>\n\n\n\n<p>\u2022&nbsp;<strong>Adresse du site<\/strong>&nbsp;:&nbsp;<a href=\"https:\/\/transkom.tv\/\">https:\/\/transkom.tv<\/a><\/p>\n\n\n\n<p><strong>2. Donn\u00e9es Collect\u00e9es<\/strong><\/p>\n\n\n\n<p>Nous collectons des donn\u00e9es personnelles lorsque vous :<\/p>\n\n\n\n<p>\u2022&nbsp;<strong>Commentez des articles<\/strong>&nbsp;: Nom, email, et contenu du commentaire.<\/p>\n\n\n\n<p>\u2022&nbsp;<strong>Utilisez des formulaires de contact<\/strong>&nbsp;: Nom, email, et message.<\/p>\n\n\n\n<p>\u2022&nbsp;<strong>Naviguez sur notre site<\/strong>&nbsp;: Informations sur votre navigation, telles que votre adresse IP, type de navigateur et cookies (voir section Cookies).<\/p>\n\n\n\n<p><strong>3. Utilisation des Donn\u00e9es<\/strong><\/p>\n\n\n\n<p>Les donn\u00e9es collect\u00e9es sont utilis\u00e9es pour :<\/p>\n\n\n\n<p>\u2022 R\u00e9pondre \u00e0 vos demandes via les formulaires de contact.<\/p>\n\n\n\n<p>\u2022 G\u00e9rer les commentaires sur le blog.<\/p>\n\n\n\n<p>\u2022 Analyser l\u2019utilisation du site pour am\u00e9liorer votre exp\u00e9rience.<\/p>\n\n\n\n<p><strong>4. Cookies<\/strong><\/p>\n\n\n\n<p>Nous utilisons des&nbsp;<strong>cookies<\/strong>&nbsp;pour am\u00e9liorer l\u2019exp\u00e9rience utilisateur et analyser l\u2019audience du site. Vous pouvez&nbsp;<strong>accepter ou refuser<\/strong>&nbsp;l\u2019utilisation des cookies via la banni\u00e8re d\u2019acceptation. Les cookies collect\u00e9s incluent des informations sur votre navigation, et certains services tiers (comme Instagram, YouTube, etc.) peuvent \u00e9galement les utiliser.<\/p>\n\n\n\n<p>Pour plus d\u2019informations sur les cookies, consultez notre politique de gestion des cookies.<\/p>\n\n\n\n<p><strong>5. Partage des Donn\u00e9es<\/strong><\/p>\n\n\n\n<p>Nous ne partageons pas vos donn\u00e9es personnelles sauf dans les cas suivants :<\/p>\n\n\n\n<p>\u2022 Avec&nbsp;<strong>des prestataires de services tiers<\/strong>&nbsp;(h\u00e9bergement, services de paiement, outils d\u2019analyse) pour faciliter nos op\u00e9rations.<\/p>\n\n\n\n<p>\u2022 Si la loi nous oblige \u00e0 le faire, ou en r\u00e9ponse \u00e0 une demande l\u00e9gale.<\/p>\n\n\n\n<p><strong>6. Transfert International des Donn\u00e9es<\/strong><\/p>\n\n\n\n<p>Certaines de vos donn\u00e9es peuvent \u00eatre transf\u00e9r\u00e9es \u00e0 des services externes situ\u00e9s en dehors de l\u2019Union Europ\u00e9enne (par exemple, Google, Facebook). Nous garantissons que les transferts sont effectu\u00e9s dans le respect des normes l\u00e9gales, via des&nbsp;<strong>clauses contractuelles types<\/strong>&nbsp;ou d\u2019autres garanties adapt\u00e9es.<\/p>\n\n\n\n<p><strong>7. Vos Droits<\/strong><\/p>\n\n\n\n<p>Vous avez le droit de :<\/p>\n\n\n\n<p>\u2022&nbsp;<strong>Acc\u00e9der<\/strong>&nbsp;\u00e0 vos donn\u00e9es personnelles.<\/p>\n\n\n\n<p>\u2022&nbsp;<strong>Corriger<\/strong>&nbsp;ou&nbsp;<strong>supprimer<\/strong>&nbsp;vos donn\u00e9es.<\/p>\n\n\n\n<p>\u2022&nbsp;<strong>R\u00e9voquer votre consentement<\/strong>&nbsp;\u00e0 tout moment.<\/p>\n\n\n\n<p>\u2022&nbsp;<strong>Contester<\/strong>&nbsp;ou&nbsp;<strong>limiter<\/strong>&nbsp;le traitement de vos donn\u00e9es.<\/p>\n\n\n\n<p>Pour exercer ces droits, contactez-nous \u00e0 : [email de contact].<\/p>\n\n\n\n<p><strong>8. Dur\u00e9e de Conservation des Donn\u00e9es<\/strong><\/p>\n\n\n\n<p>Les donn\u00e9es sont conserv\u00e9es pendant la dur\u00e9e n\u00e9cessaire \u00e0 l\u2019ex\u00e9cution des services. Les commentaires sont conserv\u00e9s ind\u00e9finiment, tandis que les autres informations sont stock\u00e9es uniquement pour la dur\u00e9e de la correspondance ou de l\u2019analyse.<\/p>\n\n\n\n<p><strong>9. S\u00e9curit\u00e9 des Donn\u00e9es<\/strong><\/p>\n\n\n\n<p>Nous mettons en \u0153uvre des mesures techniques et organisationnelles appropri\u00e9es pour prot\u00e9ger vos donn\u00e9es contre l\u2019acc\u00e8s non autoris\u00e9, la divulgation, l\u2019alt\u00e9ration ou la destruction.<\/p>\n\n\n\n<p><strong>10. Mise \u00e0 Jour de la Politique<\/strong><\/p>\n\n\n\n<p>Cette politique peut \u00eatre mise \u00e0 jour. Nous vous informerons de tout changement important concernant l\u2019utilisation de vos donn\u00e9es personnelles.<\/p>\n\n\n\n<p><strong>Cookies<\/strong><\/p>\n\n\n\n<p>Nous utilisons des cookies pour analyser l\u2019audience et am\u00e9liorer l\u2019exp\u00e9rience utilisateur. Vous avez la possibilit\u00e9 d\u2019accepter ou de refuser leur utilisation via notre&nbsp;<strong>banni\u00e8re de cookies<\/strong>.<\/p>\n\n\n\n<p>Pour plus de d\u00e9tails, consultez notre [politique des cookies](lien vers la page de gestion des cookies).<\/p>\n\n\n\n<p><strong>Contact<\/strong><\/p>\n\n\n\n<p>Si vous avez des questions concernant cette politique de confidentialit\u00e9 ou le traitement de vos donn\u00e9es, n\u2019h\u00e9sitez pas \u00e0 nous contacter via notre<a href=\"https:\/\/transkom.tv\/\">&nbsp;formulaire de contact.<\/a><\/p>\n","protected":false},"excerpt":{"rendered":"<p>Chez\u00a0Transkom &#8211; La baraque \u00e0 films, nous respectons votre vie priv\u00e9e et nous nous engageons \u00e0 prot\u00e9ger vos donn\u00e9es personnelles conform\u00e9ment au\u00a0R\u00e8glement G\u00e9n\u00e9ral sur la Protection des Donn\u00e9es (RGPD). 1. Informations L\u00e9gales \u2022&nbsp;D\u00e9nomination sociale&nbsp;: TRANSKOM \u2022&nbsp;Sigle&nbsp;: TK \u2022&nbsp;Nom commercial&nbsp;: La baraque \u00e0 films \u2022&nbsp;Cat\u00e9gorie juridique&nbsp;: 5202 SNC \u2022&nbsp;Date d\u2019immatriculation&nbsp;: 01 juillet 2005 \u2022&nbsp;Capital social&nbsp;: 8 &hellip; <\/p>\n<p class=\"link-more\"><a href=\"https:\/\/labaraqueafilms.fr\/index.php\/politique-de-confidentialite\/\" class=\"more-link\">Continuer la lecture<span class=\"screen-reader-text\"> de &laquo;&nbsp;Politique de confidentialit\u00e9&nbsp;&raquo;<\/span><\/a><\/p>\n","protected":false},"author":1,"featured_media":0,"parent":0,"menu_order":0,"comment_status":"closed","ping_status":"open","template":"","meta":{"footnotes":""},"class_list":["post-3","page","type-page","status-publish","hentry"],"_links":{"self":[{"href":"https:\/\/labaraqueafilms.fr\/index.php\/wp-json\/wp\/v2\/pages\/3","targetHints":{"allow":["GET"]}}],"collection":[{"href":"https:\/\/labaraqueafilms.fr\/index.php\/wp-json\/wp\/v2\/pages"}],"about":[{"href":"https:\/\/labaraqueafilms.fr\/index.php\/wp-json\/wp\/v2\/types\/page"}],"author":[{"embeddable":true,"href":"https:\/\/labaraqueafilms.fr\/index.php\/wp-json\/wp\/v2\/users\/1"}],"replies":[{"embeddable":true,"href":"https:\/\/labaraqueafilms.fr\/index.php\/wp-json\/wp\/v2\/comments?post=3"}],"version-history":[{"count":1,"href":"https:\/\/labaraqueafilms.fr\/index.php\/wp-json\/wp\/v2\/pages\/3\/revisions"}],"predecessor-version":[{"id":42,"href":"https:\/\/labaraqueafilms.fr\/index.php\/wp-json\/wp\/v2\/pages\/3\/revisions\/42"}],"wp:attachment":[{"href":"https:\/\/labaraqueafilms.fr\/index.php\/wp-json\/wp\/v2\/media?parent=3"}],"curies":[{"name":"wp","href":"https:\/\/api.w.org\/{rel}","templated":true}]}}